{"id":465,"date":"2025-01-28T22:19:12","date_gmt":"2025-01-29T01:19:12","guid":{"rendered":"https:\/\/pigagency.us\/?page_id=465"},"modified":"2025-06-06T15:59:48","modified_gmt":"2025-06-06T18:59:48","slug":"about-us","status":"publish","type":"page","link":"https:\/\/pigagency.us\/es\/about-us\/","title":{"rendered":"Qui\u00e9nes somos"},"content":{"rendered":"<div data-elementor-type=\"wp-page\" data-elementor-id=\"465\" class=\"elementor elementor-465\" data-elementor-post-type=\"page\">\n\t\t\t\t<div class=\"elementor-element elementor-element-d0430a2 e-flex e-con-boxed e-con e-parent\" data-id=\"d0430a2\" data-element_type=\"container\" data-settings=\"{&quot;background_background&quot;:&quot;classic&quot;}\">\n\t\t\t\t\t<div class=\"e-con-inner\">\n\t\t<div class=\"elementor-element elementor-element-fbbff03 e-con-full e-flex e-con e-child\" data-id=\"fbbff03\" data-element_type=\"container\">\n\t\t\t\t<div class=\"elementor-element elementor-element-f55df7b elementor-widget elementor-widget-heading\" data-id=\"f55df7b\" data-element_type=\"widget\" data-widget_type=\"heading.default\">\n\t\t\t\t<div class=\"elementor-widget-container\">\n\t\t\t\t\t<h2 class=\"elementor-heading-title elementor-size-default\">Conoce a Premium Insurance Group<\/h2>\t\t\t\t<\/div>\n\t\t\t\t<\/div>\n\t\t\t\t<div class=\"elementor-element elementor-element-45e5549 elementor-widget elementor-widget-heading\" data-id=\"45e5549\" data-element_type=\"widget\" data-widget_type=\"heading.default\">\n\t\t\t\t<div class=\"elementor-widget-container\">\n\t\t\t\t\t<h3 class=\"elementor-heading-title elementor-size-default\">Seguridad para todos los sue\u00f1os<\/h3>\t\t\t\t<\/div>\n\t\t\t\t<\/div>\n\t\t\t\t<\/div>\n\t\t<div class=\"elementor-element elementor-element-5d0fc8b e-con-full e-flex e-con e-child\" data-id=\"5d0fc8b\" data-element_type=\"container\">\n\t\t\t\t<div class=\"elementor-element elementor-element-e857307 elementor-widget elementor-widget-image\" data-id=\"e857307\" data-element_type=\"widget\" data-widget_type=\"image.default\">\n\t\t\t\t<div class=\"elementor-widget-container\">\n\t\t\t\t\t\t\t\t\t\t\t\t\t\t\t<img fetchpriority=\"high\" decoding=\"async\" width=\"588\" height=\"530\" src=\"https:\/\/pigagency.us\/wp-content\/uploads\/2025\/01\/bg-quem-somos01.webp\" class=\"attachment-large size-large wp-image-469\" alt=\"bg quem somos\" srcset=\"https:\/\/pigagency.us\/wp-content\/uploads\/2025\/01\/bg-quem-somos01.webp 588w, https:\/\/pigagency.us\/wp-content\/uploads\/2025\/01\/bg-quem-somos01-300x270.webp 300w\" sizes=\"(max-width: 588px) 100vw, 588px\" \/>\t\t\t\t\t\t\t\t\t\t\t\t\t\t\t<\/div>\n\t\t\t\t<\/div>\n\t\t\t\t<\/div>\n\t\t\t\t\t<\/div>\n\t\t\t\t<\/div>\n\t\t<div class=\"elementor-element elementor-element-d0a1041 e-flex e-con-boxed e-con e-parent\" data-id=\"d0a1041\" data-element_type=\"container\">\n\t\t\t\t\t<div class=\"e-con-inner\">\n\t\t<div class=\"elementor-element elementor-element-a45bf3d e-con-full e-flex e-con e-child\" data-id=\"a45bf3d\" data-element_type=\"container\">\n\t\t\t\t<div class=\"elementor-element elementor-element-b8606e9 elementor-widget elementor-widget-heading\" data-id=\"b8606e9\" data-element_type=\"widget\" data-widget_type=\"heading.default\">\n\t\t\t\t<div class=\"elementor-widget-container\">\n\t\t\t\t\t<h4 class=\"elementor-heading-title elementor-size-default\">Qui\u00e9nes somos<\/h4>\t\t\t\t<\/div>\n\t\t\t\t<\/div>\n\t\t\t\t<div class=\"elementor-element elementor-element-a4b040c elementor-widget__width-inherit elementor-widget elementor-widget-heading\" data-id=\"a4b040c\" data-element_type=\"widget\" data-widget_type=\"heading.default\">\n\t\t\t\t<div class=\"elementor-widget-container\">\n\t\t\t\t\t<h2 class=\"elementor-heading-title elementor-size-default\">PIG se dedica a cuidar de lo que realmente te importa.<\/h2>\t\t\t\t<\/div>\n\t\t\t\t<\/div>\n\t\t\t\t<div class=\"elementor-element elementor-element-95bfca6 elementor-widget__width-inherit elementor-widget elementor-widget-text-editor\" data-id=\"95bfca6\" data-element_type=\"widget\" data-widget_type=\"text-editor.default\">\n\t\t\t\t<div class=\"elementor-widget-container\">\n\t\t\t\t\t\t\t\t\t<p>Premium Insurance Group (PIG) es una corredora de seguros comprometida en proteger los sue\u00f1os de sus clientes, ofreciendo soluciones personalizadas en seguros comerciales, de hogar, de auto y de vida.<\/p><p>Fundada por Carol y Hemelyh, quienes aportan m\u00e1s de 18 a\u00f1os de experiencia en el sector, nuestra misi\u00f3n es representar productos de seguros con honestidad, garantizar seguridad para cada sue\u00f1o y brindar tranquilidad a trav\u00e9s de un servicio humanizado y cuidadoso.<\/p><p>Desde la elecci\u00f3n de la cobertura ideal hasta el soporte continuo, PIG se dedica a cuidar de lo que realmente te importa.\nCon el objetivo de estar presente en los 50 estados de EE. UU., nuestra visi\u00f3n es expandir nuestros servicios para proteger a la mayor cantidad posible de familias y empresas.<\/p>\t\t\t\t\t\t\t\t<\/div>\n\t\t\t\t<\/div>\n\t\t\t\t<\/div>\n\t\t<div class=\"elementor-element elementor-element-03c63ee e-con-full e-flex e-con e-child\" data-id=\"03c63ee\" data-element_type=\"container\" data-settings=\"{&quot;sticky&quot;:&quot;top&quot;,&quot;sticky_on&quot;:[&quot;desktop&quot;,&quot;tablet&quot;],&quot;sticky_offset&quot;:80,&quot;sticky_anchor_link_offset&quot;:80,&quot;sticky_parent&quot;:&quot;yes&quot;,&quot;sticky_effects_offset&quot;:0}\">\n\t\t\t\t<div class=\"elementor-element elementor-element-67f7ae0 elementor-widget elementor-widget-image\" data-id=\"67f7ae0\" data-element_type=\"widget\" data-widget_type=\"image.default\">\n\t\t\t\t<div class=\"elementor-widget-container\">\n\t\t\t\t\t\t\t\t\t\t\t\t\t\t\t<img decoding=\"async\" width=\"487\" height=\"355\" src=\"https:\/\/pigagency.us\/wp-content\/uploads\/2025\/01\/quem-somos.webp\" class=\"attachment-large size-large wp-image-470\" alt=\"quem somos\" srcset=\"https:\/\/pigagency.us\/wp-content\/uploads\/2025\/01\/quem-somos.webp 487w, https:\/\/pigagency.us\/wp-content\/uploads\/2025\/01\/quem-somos-300x219.webp 300w\" sizes=\"(max-width: 487px) 100vw, 487px\" \/>\t\t\t\t\t\t\t\t\t\t\t\t\t\t\t<\/div>\n\t\t\t\t<\/div>\n\t\t\t\t<\/div>\n\t\t\t\t\t<\/div>\n\t\t\t\t<\/div>\n\t\t<div class=\"elementor-element elementor-element-09c159c e-flex e-con-boxed e-con e-child\" data-id=\"09c159c\" data-element_type=\"container\">\n\t\t\t\t\t<div class=\"e-con-inner\">\n\t\t<div class=\"elementor-element elementor-element-a2751f7 e-con-full e-flex e-con e-child\" data-id=\"a2751f7\" data-element_type=\"container\">\n\t\t\t\t<div class=\"elementor-element elementor-element-47b3f2a elementor-widget elementor-widget-heading\" data-id=\"47b3f2a\" data-element_type=\"widget\" data-widget_type=\"heading.default\">\n\t\t\t\t<div class=\"elementor-widget-container\">\n\t\t\t\t\t<h4 class=\"elementor-heading-title elementor-size-default\">Valores<\/h4>\t\t\t\t<\/div>\n\t\t\t\t<\/div>\n\t\t\t\t<div class=\"elementor-element elementor-element-307a0af elementor-widget-tablet__width-initial elementor-widget elementor-widget-heading\" data-id=\"307a0af\" data-element_type=\"widget\" data-widget_type=\"heading.default\">\n\t\t\t\t<div class=\"elementor-widget-container\">\n\t\t\t\t\t<h2 class=\"elementor-heading-title elementor-size-default\">Nuestros valores son lo que nos define:<\/h2>\t\t\t\t<\/div>\n\t\t\t\t<\/div>\n\t\t\t\t<div class=\"elementor-element elementor-element-baffa59 elementor-arrows-position-inside elementor-widget elementor-widget-n-carousel\" data-id=\"baffa59\" data-element_type=\"widget\" data-settings=\"{&quot;carousel_items&quot;:[{&quot;slide_title&quot;:&quot;Slide #1&quot;,&quot;_id&quot;:&quot;4d7d2fc&quot;},{&quot;slide_title&quot;:&quot;Slide #2&quot;,&quot;_id&quot;:&quot;8f1fa37&quot;},{&quot;slide_title&quot;:&quot;Slide #3&quot;,&quot;_id&quot;:&quot;65100e2&quot;},{&quot;slide_title&quot;:&quot;Slide #3&quot;,&quot;_id&quot;:&quot;b7ec545&quot;}],&quot;slides_to_show&quot;:&quot;3&quot;,&quot;image_spacing_custom&quot;:{&quot;unit&quot;:&quot;px&quot;,&quot;size&quot;:34,&quot;sizes&quot;:[]},&quot;slides_to_show_tablet&quot;:&quot;2&quot;,&quot;slides_to_show_mobile&quot;:&quot;1&quot;,&quot;autoplay&quot;:&quot;yes&quot;,&quot;autoplay_speed&quot;:5000,&quot;pause_on_hover&quot;:&quot;yes&quot;,&quot;pause_on_interaction&quot;:&quot;yes&quot;,&quot;infinite&quot;:&quot;yes&quot;,&quot;speed&quot;:500,&quot;offset_sides&quot;:&quot;none&quot;,&quot;arrows&quot;:&quot;yes&quot;,&quot;image_spacing_custom_tablet&quot;:{&quot;unit&quot;:&quot;px&quot;,&quot;size&quot;:&quot;&quot;,&quot;sizes&quot;:[]},&quot;image_spacing_custom_mobile&quot;:{&quot;unit&quot;:&quot;px&quot;,&quot;size&quot;:&quot;&quot;,&quot;sizes&quot;:[]}}\" data-widget_type=\"nested-carousel.default\">\n\t\t\t\t<div class=\"elementor-widget-container\">\n\t\t\t\t\t\t\t<div class=\"e-n-carousel swiper\" role=\"region\" aria-roledescription=\"carousel\" aria-label=\"Carrossel\" dir=\"ltr\">\n\t\t\t<div class=\"swiper-wrapper\" aria-live=\"off\">\n\t\t\t\t\t\t\t\t\t\t<div class=\"swiper-slide\" data-slide=\"1\" role=\"group\" aria-roledescription=\"slide\" aria-label=\"1 of 4\">\n\t\t\t\t\t\t\t<div class=\"elementor-element elementor-element-df857ca e-flex e-con-boxed e-con e-child\" data-id=\"df857ca\" data-element_type=\"container\">\n\t\t\t\t\t<div class=\"e-con-inner\">\n\t\t<div class=\"elementor-element elementor-element-6860da1 e-con-full e-flex e-con e-child\" data-id=\"6860da1\" data-element_type=\"container\" data-settings=\"{&quot;background_background&quot;:&quot;classic&quot;}\">\n\t\t\t\t<div class=\"elementor-element elementor-element-2028572 elementor-widget__width-inherit elementor-widget elementor-widget-image\" data-id=\"2028572\" data-element_type=\"widget\" data-widget_type=\"image.default\">\n\t\t\t\t<div class=\"elementor-widget-container\">\n\t\t\t\t\t\t\t\t\t\t\t\t\t\t\t<img decoding=\"async\" width=\"56\" height=\"56\" src=\"https:\/\/pigagency.us\/wp-content\/uploads\/2025\/01\/check.svg\" class=\"attachment-large size-large wp-image-471\" alt=\"check\" \/>\t\t\t\t\t\t\t\t\t\t\t\t\t\t\t<\/div>\n\t\t\t\t<\/div>\n\t\t\t\t<div class=\"elementor-element elementor-element-68f8006 elementor-widget elementor-widget-heading\" data-id=\"68f8006\" data-element_type=\"widget\" data-widget_type=\"heading.default\">\n\t\t\t\t<div class=\"elementor-widget-container\">\n\t\t\t\t\t<h2 class=\"elementor-heading-title elementor-size-default\">Respeto y gratitud en todas las relaciones\n\n<\/h2>\t\t\t\t<\/div>\n\t\t\t\t<\/div>\n\t\t\t\t<\/div>\n\t\t\t\t\t<\/div>\n\t\t\t\t<\/div>\n\t\t\t\t\t\t\t\t<\/div>\n\t\t\t\t\t\t\t\t\t\t\t<div class=\"swiper-slide\" data-slide=\"2\" role=\"group\" aria-roledescription=\"slide\" aria-label=\"2 of 4\">\n\t\t\t\t\t\t\t<div class=\"elementor-element elementor-element-55c4676 e-flex e-con-boxed e-con e-child\" data-id=\"55c4676\" data-element_type=\"container\">\n\t\t\t\t\t<div class=\"e-con-inner\">\n\t\t<div class=\"elementor-element elementor-element-576e3b2 e-con-full e-flex e-con e-child\" data-id=\"576e3b2\" data-element_type=\"container\" data-settings=\"{&quot;background_background&quot;:&quot;classic&quot;}\">\n\t\t\t\t<div class=\"elementor-element elementor-element-e8a5edb elementor-widget__width-inherit elementor-widget elementor-widget-image\" data-id=\"e8a5edb\" data-element_type=\"widget\" data-widget_type=\"image.default\">\n\t\t\t\t<div class=\"elementor-widget-container\">\n\t\t\t\t\t\t\t\t\t\t\t\t\t\t\t<img decoding=\"async\" width=\"56\" height=\"56\" src=\"https:\/\/pigagency.us\/wp-content\/uploads\/2025\/01\/check.svg\" class=\"attachment-large size-large wp-image-471\" alt=\"check\" \/>\t\t\t\t\t\t\t\t\t\t\t\t\t\t\t<\/div>\n\t\t\t\t<\/div>\n\t\t\t\t<div class=\"elementor-element elementor-element-02a9bb7 elementor-widget elementor-widget-heading\" data-id=\"02a9bb7\" data-element_type=\"widget\" data-widget_type=\"heading.default\">\n\t\t\t\t<div class=\"elementor-widget-container\">\n\t\t\t\t\t<h2 class=\"elementor-heading-title elementor-size-default\">Optimismo y mentalidad de due\u00f1o en cada etapa del trabajo\n<\/h2>\t\t\t\t<\/div>\n\t\t\t\t<\/div>\n\t\t\t\t<\/div>\n\t\t\t\t\t<\/div>\n\t\t\t\t<\/div>\n\t\t\t\t\t\t\t\t<\/div>\n\t\t\t\t\t\t\t\t\t\t\t<div class=\"swiper-slide\" data-slide=\"3\" role=\"group\" aria-roledescription=\"slide\" aria-label=\"3 of 4\">\n\t\t\t\t\t\t\t<div class=\"elementor-element elementor-element-3586167 e-flex e-con-boxed e-con e-child\" data-id=\"3586167\" data-element_type=\"container\">\n\t\t\t\t\t<div class=\"e-con-inner\">\n\t\t<div class=\"elementor-element elementor-element-29a9608 e-con-full e-flex e-con e-child\" data-id=\"29a9608\" data-element_type=\"container\" data-settings=\"{&quot;background_background&quot;:&quot;classic&quot;}\">\n\t\t\t\t<div class=\"elementor-element elementor-element-b0c195e elementor-widget__width-inherit elementor-widget elementor-widget-image\" data-id=\"b0c195e\" data-element_type=\"widget\" data-widget_type=\"image.default\">\n\t\t\t\t<div class=\"elementor-widget-container\">\n\t\t\t\t\t\t\t\t\t\t\t\t\t\t\t<img decoding=\"async\" width=\"56\" height=\"56\" src=\"https:\/\/pigagency.us\/wp-content\/uploads\/2025\/01\/check.svg\" class=\"attachment-large size-large wp-image-471\" alt=\"check\" \/>\t\t\t\t\t\t\t\t\t\t\t\t\t\t\t<\/div>\n\t\t\t\t<\/div>\n\t\t\t\t<div class=\"elementor-element elementor-element-2e6d4f6 elementor-widget elementor-widget-heading\" data-id=\"2e6d4f6\" data-element_type=\"widget\" data-widget_type=\"heading.default\">\n\t\t\t\t<div class=\"elementor-widget-container\">\n\t\t\t\t\t<h2 class=\"elementor-heading-title elementor-size-default\">Enfoque en la retroalimentaci\u00f3n constante para el desarrollo profesional<\/h2>\t\t\t\t<\/div>\n\t\t\t\t<\/div>\n\t\t\t\t<\/div>\n\t\t\t\t\t<\/div>\n\t\t\t\t<\/div>\n\t\t\t\t\t\t\t\t<\/div>\n\t\t\t\t\t\t\t\t\t\t\t<div class=\"swiper-slide\" data-slide=\"4\" role=\"group\" aria-roledescription=\"slide\" aria-label=\"4 of 4\">\n\t\t\t\t\t\t\t<div class=\"elementor-element elementor-element-2e36aa3 e-flex e-con-boxed e-con e-child\" data-id=\"2e36aa3\" data-element_type=\"container\">\n\t\t\t\t\t<div class=\"e-con-inner\">\n\t\t<div class=\"elementor-element elementor-element-4738edd e-con-full e-flex e-con e-child\" data-id=\"4738edd\" data-element_type=\"container\" data-settings=\"{&quot;background_background&quot;:&quot;classic&quot;}\">\n\t\t\t\t<div class=\"elementor-element elementor-element-4406c65 elementor-widget__width-inherit elementor-widget elementor-widget-image\" data-id=\"4406c65\" data-element_type=\"widget\" data-widget_type=\"image.default\">\n\t\t\t\t<div class=\"elementor-widget-container\">\n\t\t\t\t\t\t\t\t\t\t\t\t\t\t\t<img decoding=\"async\" width=\"56\" height=\"56\" src=\"https:\/\/pigagency.us\/wp-content\/uploads\/2025\/01\/check.svg\" class=\"attachment-large size-large wp-image-471\" alt=\"check\" \/>\t\t\t\t\t\t\t\t\t\t\t\t\t\t\t<\/div>\n\t\t\t\t<\/div>\n\t\t\t\t<div class=\"elementor-element elementor-element-512708a elementor-widget elementor-widget-heading\" data-id=\"512708a\" data-element_type=\"widget\" data-widget_type=\"heading.default\">\n\t\t\t\t<div class=\"elementor-widget-container\">\n\t\t\t\t\t<h2 class=\"elementor-heading-title elementor-size-default\">Enfoque en la retroalimentaci\u00f3n constante para el desarrollo profesional<\/h2>\t\t\t\t<\/div>\n\t\t\t\t<\/div>\n\t\t\t\t<\/div>\n\t\t\t\t\t<\/div>\n\t\t\t\t<\/div>\n\t\t\t\t\t\t\t\t<\/div>\n\t\t\t\t\t\t\t\t<\/div>\n\t\t<\/div>\n\t\t\t\t\t<div class=\"elementor-swiper-button elementor-swiper-button-prev\" role=\"button\" tabindex=\"0\" aria-label=\"Previous\">\n\t\t\t\t<svg xmlns=\"http:\/\/www.w3.org\/2000\/svg\" width=\"52\" height=\"52\" viewbox=\"0 0 52 52\" fill=\"none\"><g id=\"tabler-icon-arrow-down\"><path id=\"Vector\" d=\"M41.1667 26L10.8334 26M10.8334 26L23.8334 39M10.8334 26L23.8334 13\" stroke=\"#46B25D\" stroke-width=\"2\" stroke-linecap=\"round\" stroke-linejoin=\"round\"><\/path><\/g><\/svg>\t\t\t<\/div>\n\t\t\t<div class=\"elementor-swiper-button elementor-swiper-button-next\" role=\"button\" tabindex=\"0\" aria-label=\"Next\">\n\t\t\t\t<svg xmlns=\"http:\/\/www.w3.org\/2000\/svg\" width=\"52\" height=\"52\" viewbox=\"0 0 52 52\" fill=\"none\"><g id=\"tabler-icon-arrow-down\"><path id=\"Vector\" d=\"M10.8333 26L41.1666 26M41.1666 26L28.1666 13M41.1666 26L28.1666 39\" stroke=\"#46B25D\" stroke-width=\"2\" stroke-linecap=\"round\" stroke-linejoin=\"round\"><\/path><\/g><\/svg>\t\t\t<\/div>\n\t\t\t\t\t\t<\/div>\n\t\t\t\t<\/div>\n\t\t\t\t<\/div>\n\t\t\t\t\t<\/div>\n\t\t\t\t<\/div>\n\t\t<div class=\"elementor-element elementor-element-69be323 e-flex e-con-boxed e-con e-parent\" data-id=\"69be323\" data-element_type=\"container\" data-settings=\"{&quot;background_background&quot;:&quot;classic&quot;}\">\n\t\t\t\t\t<div class=\"e-con-inner\">\n\t\t<div class=\"elementor-element elementor-element-565b741 e-con-full e-flex e-con e-child\" data-id=\"565b741\" data-element_type=\"container\">\n\t\t\t\t<div class=\"elementor-element elementor-element-0487d27 elementor-widget__width-inherit elementor-widget elementor-widget-heading\" data-id=\"0487d27\" data-element_type=\"widget\" data-widget_type=\"heading.default\">\n\t\t\t\t<div class=\"elementor-widget-container\">\n\t\t\t\t\t<h2 class=\"elementor-heading-title elementor-size-default\">En PIG, siempre buscamos ofrecer un servicio que vaya m\u00e1s all\u00e1, con el compromiso de brindar seguridad y confianza para ti y tu patrimonio.<\/h2>\t\t\t\t<\/div>\n\t\t\t\t<\/div>\n\t\t\t\t<div class=\"elementor-element elementor-element-411b02e elementor-mobile-align-justify elementor-widget elementor-widget-button\" data-id=\"411b02e\" data-element_type=\"widget\" data-widget_type=\"button.default\">\n\t\t\t\t<div class=\"elementor-widget-container\">\n\t\t\t\t\t\t\t\t\t<div class=\"elementor-button-wrapper\">\n\t\t\t\t\t<a class=\"elementor-button elementor-button-link elementor-size-sm\" href=\"https:\/\/pigagency.us\/es\/contact-us\/\">\n\t\t\t\t\t\t<span class=\"elementor-button-content-wrapper\">\n\t\t\t\t\t\t\t\t\t<span class=\"elementor-button-text\">Cont\u00e1ctanos<\/span>\n\t\t\t\t\t<\/span>\n\t\t\t\t\t<\/a>\n\t\t\t\t<\/div>\n\t\t\t\t\t\t\t\t<\/div>\n\t\t\t\t<\/div>\n\t\t\t\t<\/div>\n\t\t<div class=\"elementor-element elementor-element-cfc4228 e-con-full e-flex e-con e-child\" data-id=\"cfc4228\" data-element_type=\"container\">\n\t\t\t\t<div class=\"elementor-element elementor-element-59f08c6 elementor-widget elementor-widget-image\" data-id=\"59f08c6\" data-element_type=\"widget\" data-widget_type=\"image.default\">\n\t\t\t\t<div class=\"elementor-widget-container\">\n\t\t\t\t\t\t\t\t\t\t\t\t\t\t\t<img loading=\"lazy\" decoding=\"async\" width=\"667\" height=\"622\" src=\"https:\/\/pigagency.us\/wp-content\/uploads\/2025\/01\/bg-quem-somos02.webp\" class=\"attachment-large size-large wp-image-472\" alt=\"bg quem somos\" srcset=\"https:\/\/pigagency.us\/wp-content\/uploads\/2025\/01\/bg-quem-somos02.webp 667w, https:\/\/pigagency.us\/wp-content\/uploads\/2025\/01\/bg-quem-somos02-300x280.webp 300w\" sizes=\"(max-width: 667px) 100vw, 667px\" \/>\t\t\t\t\t\t\t\t\t\t\t\t\t\t\t<\/div>\n\t\t\t\t<\/div>\n\t\t\t\t<\/div>\n\t\t\t\t\t<\/div>\n\t\t\t\t<\/div>\n\t\t\t\t<\/div>","protected":false},"excerpt":{"rendered":"<p>Conhe\u00e7a a Premium Insurance Group Seguran\u00e7a para todos os sonhos Quem somos A PIG se dedica a cuidar do que realmente importa para voc\u00ea A Premium Insurance Group (PIG) \u00e9 uma corretora de seguros comprometida em proteger os sonhos de seus clientes, oferecendo solu\u00e7\u00f5es personalizadas em seguros comerciais, residenciais, de autom\u00f3veis e de vida. Fundada [&hellip;]<\/p>","protected":false},"author":4002,"featured_media":0,"parent":0,"menu_order":0,"comment_status":"closed","ping_status":"closed","template":"","meta":{"footnotes":""},"class_list":["post-465","page","type-page","status-publish","hentry"],"yoast_head":"<!-- This site is optimized with the Yoast SEO plugin v26.1.1 - https:\/\/yoast.com\/wordpress\/plugins\/seo\/ -->\n<title>About Us | Premium Insurance Group<\/title>\n<meta name=\"description\" content=\"Discover the story of Premium Insurance Group, your trusted insurance brokerage. Experience and commitment to providing the best solutions.\" \/>\n<meta name=\"robots\" content=\"index, follow, max-snippet:-1, max-image-preview:large, max-video-preview:-1\" \/>\n<link rel=\"canonical\" href=\"https:\/\/pigagency.us\/es\/about-us\/\" \/>\n<meta property=\"og:locale\" content=\"es_ES\" \/>\n<meta property=\"og:type\" content=\"article\" \/>\n<meta property=\"og:title\" content=\"About Us | Premium Insurance Group\" \/>\n<meta property=\"og:description\" content=\"Discover the story of Premium Insurance Group, your trusted insurance brokerage. Experience and commitment to providing the best solutions.\" \/>\n<meta property=\"og:url\" content=\"https:\/\/pigagency.us\/es\/about-us\/\" \/>\n<meta property=\"og:site_name\" content=\"PIG\" \/>\n<meta property=\"article:modified_time\" content=\"2025-06-06T18:59:48+00:00\" \/>\n<meta property=\"og:image\" content=\"https:\/\/pigagency.us\/wp-content\/uploads\/2025\/01\/bg-quem-somos01.webp\" \/>\n<meta name=\"twitter:card\" content=\"summary_large_image\" \/>\n<meta name=\"twitter:label1\" content=\"Tiempo de lectura\" \/>\n\t<meta name=\"twitter:data1\" content=\"4 minutos\" \/>\n<script type=\"application\/ld+json\" class=\"yoast-schema-graph\">{\"@context\":\"https:\/\/schema.org\",\"@graph\":[{\"@type\":\"WebPage\",\"@id\":\"https:\/\/pigagency.us\/about-us\/\",\"url\":\"https:\/\/pigagency.us\/about-us\/\",\"name\":\"About Us | Premium Insurance Group\",\"isPartOf\":{\"@id\":\"https:\/\/pigagency.us\/#website\"},\"primaryImageOfPage\":{\"@id\":\"https:\/\/pigagency.us\/about-us\/#primaryimage\"},\"image\":{\"@id\":\"https:\/\/pigagency.us\/about-us\/#primaryimage\"},\"thumbnailUrl\":\"https:\/\/pigagency.us\/wp-content\/uploads\/2025\/01\/bg-quem-somos01.webp\",\"datePublished\":\"2025-01-29T01:19:12+00:00\",\"dateModified\":\"2025-06-06T18:59:48+00:00\",\"description\":\"Discover the story of Premium Insurance Group, your trusted insurance brokerage. Experience and commitment to providing the best solutions.\",\"breadcrumb\":{\"@id\":\"https:\/\/pigagency.us\/about-us\/#breadcrumb\"},\"inLanguage\":\"es\",\"potentialAction\":[{\"@type\":\"ReadAction\",\"target\":[\"https:\/\/pigagency.us\/about-us\/\"]}]},{\"@type\":\"ImageObject\",\"inLanguage\":\"es\",\"@id\":\"https:\/\/pigagency.us\/about-us\/#primaryimage\",\"url\":\"https:\/\/pigagency.us\/wp-content\/uploads\/2025\/01\/bg-quem-somos01.webp\",\"contentUrl\":\"https:\/\/pigagency.us\/wp-content\/uploads\/2025\/01\/bg-quem-somos01.webp\"},{\"@type\":\"BreadcrumbList\",\"@id\":\"https:\/\/pigagency.us\/about-us\/#breadcrumb\",\"itemListElement\":[{\"@type\":\"ListItem\",\"position\":1,\"name\":\"In\u00edcio\",\"item\":\"https:\/\/pigagency.us\/\"},{\"@type\":\"ListItem\",\"position\":2,\"name\":\"Quem somos\"}]},{\"@type\":\"WebSite\",\"@id\":\"https:\/\/pigagency.us\/#website\",\"url\":\"https:\/\/pigagency.us\/\",\"name\":\"PIG\",\"description\":\"\",\"potentialAction\":[{\"@type\":\"SearchAction\",\"target\":{\"@type\":\"EntryPoint\",\"urlTemplate\":\"https:\/\/pigagency.us\/?s={search_term_string}\"},\"query-input\":{\"@type\":\"PropertyValueSpecification\",\"valueRequired\":true,\"valueName\":\"search_term_string\"}}],\"inLanguage\":\"es\"}]}<\/script>\n<!-- \/ Yoast SEO plugin. -->","yoast_head_json":{"title":"About Us | Premium Insurance Group","description":"Discover the story of Premium Insurance Group, your trusted insurance brokerage. Experience and commitment to providing the best solutions.","robots":{"index":"index","follow":"follow","max-snippet":"max-snippet:-1","max-image-preview":"max-image-preview:large","max-video-preview":"max-video-preview:-1"},"canonical":"https:\/\/pigagency.us\/es\/about-us\/","og_locale":"es_ES","og_type":"article","og_title":"About Us | Premium Insurance Group","og_description":"Discover the story of Premium Insurance Group, your trusted insurance brokerage. Experience and commitment to providing the best solutions.","og_url":"https:\/\/pigagency.us\/es\/about-us\/","og_site_name":"PIG","article_modified_time":"2025-06-06T18:59:48+00:00","og_image":[{"url":"https:\/\/pigagency.us\/wp-content\/uploads\/2025\/01\/bg-quem-somos01.webp","type":"","width":"","height":""}],"twitter_card":"summary_large_image","twitter_misc":{"Tiempo de lectura":"4 minutos"},"schema":{"@context":"https:\/\/schema.org","@graph":[{"@type":"WebPage","@id":"https:\/\/pigagency.us\/about-us\/","url":"https:\/\/pigagency.us\/about-us\/","name":"About Us | Premium Insurance Group","isPartOf":{"@id":"https:\/\/pigagency.us\/#website"},"primaryImageOfPage":{"@id":"https:\/\/pigagency.us\/about-us\/#primaryimage"},"image":{"@id":"https:\/\/pigagency.us\/about-us\/#primaryimage"},"thumbnailUrl":"https:\/\/pigagency.us\/wp-content\/uploads\/2025\/01\/bg-quem-somos01.webp","datePublished":"2025-01-29T01:19:12+00:00","dateModified":"2025-06-06T18:59:48+00:00","description":"Discover the story of Premium Insurance Group, your trusted insurance brokerage. Experience and commitment to providing the best solutions.","breadcrumb":{"@id":"https:\/\/pigagency.us\/about-us\/#breadcrumb"},"inLanguage":"es","potentialAction":[{"@type":"ReadAction","target":["https:\/\/pigagency.us\/about-us\/"]}]},{"@type":"ImageObject","inLanguage":"es","@id":"https:\/\/pigagency.us\/about-us\/#primaryimage","url":"https:\/\/pigagency.us\/wp-content\/uploads\/2025\/01\/bg-quem-somos01.webp","contentUrl":"https:\/\/pigagency.us\/wp-content\/uploads\/2025\/01\/bg-quem-somos01.webp"},{"@type":"BreadcrumbList","@id":"https:\/\/pigagency.us\/about-us\/#breadcrumb","itemListElement":[{"@type":"ListItem","position":1,"name":"In\u00edcio","item":"https:\/\/pigagency.us\/"},{"@type":"ListItem","position":2,"name":"Quem somos"}]},{"@type":"WebSite","@id":"https:\/\/pigagency.us\/#website","url":"https:\/\/pigagency.us\/","name":"PIG","description":"","potentialAction":[{"@type":"SearchAction","target":{"@type":"EntryPoint","urlTemplate":"https:\/\/pigagency.us\/?s={search_term_string}"},"query-input":{"@type":"PropertyValueSpecification","valueRequired":true,"valueName":"search_term_string"}}],"inLanguage":"es"}]}},"_links":{"self":[{"href":"https:\/\/pigagency.us\/es\/wp-json\/wp\/v2\/pages\/465","targetHints":{"allow":["GET"]}}],"collection":[{"href":"https:\/\/pigagency.us\/es\/wp-json\/wp\/v2\/pages"}],"about":[{"href":"https:\/\/pigagency.us\/es\/wp-json\/wp\/v2\/types\/page"}],"author":[{"embeddable":true,"href":"https:\/\/pigagency.us\/es\/wp-json\/wp\/v2\/users\/4002"}],"replies":[{"embeddable":true,"href":"https:\/\/pigagency.us\/es\/wp-json\/wp\/v2\/comments?post=465"}],"version-history":[{"count":26,"href":"https:\/\/pigagency.us\/es\/wp-json\/wp\/v2\/pages\/465\/revisions"}],"predecessor-version":[{"id":1432,"href":"https:\/\/pigagency.us\/es\/wp-json\/wp\/v2\/pages\/465\/revisions\/1432"}],"wp:attachment":[{"href":"https:\/\/pigagency.us\/es\/wp-json\/wp\/v2\/media?parent=465"}],"curies":[{"name":"wp","href":"https:\/\/api.w.org\/{rel}","templated":true}]}}