{"id":285,"date":"2024-08-09T17:51:45","date_gmt":"2024-08-09T20:51:45","guid":{"rendered":"https:\/\/pigagency.us\/?page_id=285"},"modified":"2025-06-06T15:58:57","modified_gmt":"2025-06-06T18:58:57","slug":"privacy-policy","status":"publish","type":"page","link":"https:\/\/pigagency.us\/en\/privacy-policy\/","title":{"rendered":"Privacy Policy"},"content":{"rendered":"<div data-elementor-type=\"wp-page\" data-elementor-id=\"285\" class=\"elementor elementor-285\" data-elementor-post-type=\"page\">\n\t\t\t\t<div class=\"elementor-element elementor-element-e39a4c6 e-flex e-con-boxed e-con e-parent\" data-id=\"e39a4c6\" data-element_type=\"container\" data-settings=\"{&quot;background_background&quot;:&quot;classic&quot;}\">\n\t\t\t\t\t<div class=\"e-con-inner\">\n\t\t\t\t<div class=\"elementor-element elementor-element-261207e elementor-widget elementor-widget-heading\" data-id=\"261207e\" data-element_type=\"widget\" data-widget_type=\"heading.default\">\n\t\t\t\t<div class=\"elementor-widget-container\">\n\t\t\t\t\t<h1 class=\"elementor-heading-title elementor-size-default\">Privacy Policy<\/h1>\t\t\t\t<\/div>\n\t\t\t\t<\/div>\n\t\t\t\t\t<\/div>\n\t\t\t\t<\/div>\n\t\t<div class=\"elementor-element elementor-element-3745116 e-flex e-con-boxed e-con e-parent\" data-id=\"3745116\" data-element_type=\"container\">\n\t\t\t\t\t<div class=\"e-con-inner\">\n\t\t\t\t<div class=\"elementor-element elementor-element-6694b38 elementor-widget elementor-widget-text-editor\" data-id=\"6694b38\" data-element_type=\"widget\" data-widget_type=\"text-editor.default\">\n\t\t\t\t<div class=\"elementor-widget-container\">\n\t\t\t\t\t\t\t\t\t<div class=\"wrapper cs-input focus\" tabindex=\"-1\"><div id=\"inputcfa0-2618-211d\" class=\"content\" tabindex=\"0\" role=\"textbox\" contenteditable=\"false\">Premium Insurance Group respects the privacy of its clients and is committed to protecting all personal information collected on our website.\nAll information provided by our clients is used exclusively for customer service purposes and to improve the services we offer.\nPersonal data will not be shared with third parties without explicit consent, except when required by law.\nWe strive to maintain a secure environment and follow strict security standards to ensure the integrity of all information.\nBy using our website, the client agrees to the terms of this policy and is encouraged to contact us with any questions or specific requests regarding the use of their data.<\/div><\/div>\t\t\t\t\t\t\t\t<\/div>\n\t\t\t\t<\/div>\n\t\t\t\t\t<\/div>\n\t\t\t\t<\/div>\n\t\t\t\t<\/div>","protected":false},"excerpt":{"rendered":"<p>Pol\u00edtica de Privacidade A Premium Insurance Group respeita a privacidade de seus clientes e se compromete a proteger todas as informa\u00e7\u00f5es pessoais coletadas em nosso site. Todas as informa\u00e7\u00f5es fornecidas por nossos clientes s\u00e3o utilizadas exclusivamente para fins de atendimento e melhorias dos servi\u00e7os oferecidos. Dados pessoais n\u00e3o ser\u00e3o compartilhados com terceiros sem consentimento expl\u00edcito, [&hellip;]<\/p>","protected":false},"author":2,"featured_media":0,"parent":0,"menu_order":0,"comment_status":"closed","ping_status":"closed","template":"","meta":{"footnotes":""},"class_list":["post-285","page","type-page","status-publish","hentry"],"yoast_head":"<!-- This site is optimized with the Yoast SEO plugin v26.1.1 - https:\/\/yoast.com\/wordpress\/plugins\/seo\/ -->\n<title>Privacy Policy | Premium Insurance Group<\/title>\n<meta name=\"description\" content=\"Learn how PIG protects your data. Read our Privacy Policy and understand our commitment to security and transparency.\" \/>\n<meta name=\"robots\" content=\"index, follow, max-snippet:-1, max-image-preview:large, max-video-preview:-1\" \/>\n<link rel=\"canonical\" href=\"https:\/\/pigagency.us\/en\/privacy-policy\/\" \/>\n<meta property=\"og:locale\" content=\"en_US\" \/>\n<meta property=\"og:type\" content=\"article\" \/>\n<meta property=\"og:title\" content=\"Privacy Policy | Premium Insurance Group\" \/>\n<meta property=\"og:description\" content=\"Learn how PIG protects your data. Read our Privacy Policy and understand our commitment to security and transparency.\" \/>\n<meta property=\"og:url\" content=\"https:\/\/pigagency.us\/en\/privacy-policy\/\" \/>\n<meta property=\"og:site_name\" content=\"PIG\" \/>\n<meta property=\"article:modified_time\" content=\"2025-06-06T18:58:57+00:00\" \/>\n<meta name=\"twitter:card\" content=\"summary_large_image\" \/>\n<meta name=\"twitter:label1\" content=\"Est. reading time\" \/>\n\t<meta name=\"twitter:data1\" content=\"1 minute\" \/>\n<script type=\"application\/ld+json\" class=\"yoast-schema-graph\">{\"@context\":\"https:\/\/schema.org\",\"@graph\":[{\"@type\":\"WebPage\",\"@id\":\"https:\/\/pigagency.us\/privacy-policy\/\",\"url\":\"https:\/\/pigagency.us\/privacy-policy\/\",\"name\":\"Privacy Policy | Premium Insurance Group\",\"isPartOf\":{\"@id\":\"https:\/\/pigagency.us\/#website\"},\"datePublished\":\"2024-08-09T20:51:45+00:00\",\"dateModified\":\"2025-06-06T18:58:57+00:00\",\"description\":\"Learn how PIG protects your data. Read our Privacy Policy and understand our commitment to security and transparency.\",\"breadcrumb\":{\"@id\":\"https:\/\/pigagency.us\/privacy-policy\/#breadcrumb\"},\"inLanguage\":\"en-US\",\"potentialAction\":[{\"@type\":\"ReadAction\",\"target\":[\"https:\/\/pigagency.us\/privacy-policy\/\"]}]},{\"@type\":\"BreadcrumbList\",\"@id\":\"https:\/\/pigagency.us\/privacy-policy\/#breadcrumb\",\"itemListElement\":[{\"@type\":\"ListItem\",\"position\":1,\"name\":\"In\u00edcio\",\"item\":\"https:\/\/pigagency.us\/\"},{\"@type\":\"ListItem\",\"position\":2,\"name\":\"Pol\u00edtica de Privacidade\"}]},{\"@type\":\"WebSite\",\"@id\":\"https:\/\/pigagency.us\/#website\",\"url\":\"https:\/\/pigagency.us\/\",\"name\":\"PIG\",\"description\":\"\",\"potentialAction\":[{\"@type\":\"SearchAction\",\"target\":{\"@type\":\"EntryPoint\",\"urlTemplate\":\"https:\/\/pigagency.us\/?s={search_term_string}\"},\"query-input\":{\"@type\":\"PropertyValueSpecification\",\"valueRequired\":true,\"valueName\":\"search_term_string\"}}],\"inLanguage\":\"en-US\"}]}<\/script>\n<!-- \/ Yoast SEO plugin. -->","yoast_head_json":{"title":"Privacy Policy | Premium Insurance Group","description":"Learn how PIG protects your data. Read our Privacy Policy and understand our commitment to security and transparency.","robots":{"index":"index","follow":"follow","max-snippet":"max-snippet:-1","max-image-preview":"max-image-preview:large","max-video-preview":"max-video-preview:-1"},"canonical":"https:\/\/pigagency.us\/en\/privacy-policy\/","og_locale":"en_US","og_type":"article","og_title":"Privacy Policy | Premium Insurance Group","og_description":"Learn how PIG protects your data. Read our Privacy Policy and understand our commitment to security and transparency.","og_url":"https:\/\/pigagency.us\/en\/privacy-policy\/","og_site_name":"PIG","article_modified_time":"2025-06-06T18:58:57+00:00","twitter_card":"summary_large_image","twitter_misc":{"Est. reading time":"1 minute"},"schema":{"@context":"https:\/\/schema.org","@graph":[{"@type":"WebPage","@id":"https:\/\/pigagency.us\/privacy-policy\/","url":"https:\/\/pigagency.us\/privacy-policy\/","name":"Privacy Policy | Premium Insurance Group","isPartOf":{"@id":"https:\/\/pigagency.us\/#website"},"datePublished":"2024-08-09T20:51:45+00:00","dateModified":"2025-06-06T18:58:57+00:00","description":"Learn how PIG protects your data. Read our Privacy Policy and understand our commitment to security and transparency.","breadcrumb":{"@id":"https:\/\/pigagency.us\/privacy-policy\/#breadcrumb"},"inLanguage":"en-US","potentialAction":[{"@type":"ReadAction","target":["https:\/\/pigagency.us\/privacy-policy\/"]}]},{"@type":"BreadcrumbList","@id":"https:\/\/pigagency.us\/privacy-policy\/#breadcrumb","itemListElement":[{"@type":"ListItem","position":1,"name":"In\u00edcio","item":"https:\/\/pigagency.us\/"},{"@type":"ListItem","position":2,"name":"Pol\u00edtica de Privacidade"}]},{"@type":"WebSite","@id":"https:\/\/pigagency.us\/#website","url":"https:\/\/pigagency.us\/","name":"PIG","description":"","potentialAction":[{"@type":"SearchAction","target":{"@type":"EntryPoint","urlTemplate":"https:\/\/pigagency.us\/?s={search_term_string}"},"query-input":{"@type":"PropertyValueSpecification","valueRequired":true,"valueName":"search_term_string"}}],"inLanguage":"en-US"}]}},"_links":{"self":[{"href":"https:\/\/pigagency.us\/en\/wp-json\/wp\/v2\/pages\/285","targetHints":{"allow":["GET"]}}],"collection":[{"href":"https:\/\/pigagency.us\/en\/wp-json\/wp\/v2\/pages"}],"about":[{"href":"https:\/\/pigagency.us\/en\/wp-json\/wp\/v2\/types\/page"}],"author":[{"embeddable":true,"href":"https:\/\/pigagency.us\/en\/wp-json\/wp\/v2\/users\/2"}],"replies":[{"embeddable":true,"href":"https:\/\/pigagency.us\/en\/wp-json\/wp\/v2\/comments?post=285"}],"version-history":[{"count":5,"href":"https:\/\/pigagency.us\/en\/wp-json\/wp\/v2\/pages\/285\/revisions"}],"predecessor-version":[{"id":1052,"href":"https:\/\/pigagency.us\/en\/wp-json\/wp\/v2\/pages\/285\/revisions\/1052"}],"wp:attachment":[{"href":"https:\/\/pigagency.us\/en\/wp-json\/wp\/v2\/media?parent=285"}],"curies":[{"name":"wp","href":"https:\/\/api.w.org\/{rel}","templated":true}]}}